{"id":3116,"date":"2026-03-27T12:04:08","date_gmt":"2026-03-27T12:04:08","guid":{"rendered":"https:\/\/swissmailbox.com\/?page_id=3116"},"modified":"2026-04-30T10:11:14","modified_gmt":"2026-04-30T10:11:14","slug":"politique-confidentialite","status":"publish","type":"page","link":"https:\/\/swissmailbox.com\/en\/privacy-policy-2\/","title":{"rendered":"Privacy Policy"},"content":{"rendered":"<div id=\"fws_69fcc5770dd2a\"  data-column-margin=\"default\" data-midnight=\"light\"  class=\"wpb_row vc_row-fluid vc_row full-width-content vc_row-o-equal-height vc_row-flex vc_row-o-content-middle  zindex-set mobile-disable-bg-image-animation height_desktop_500px height_tablet_400px height_phone_250px right_padding_8pct left_padding_8pct nectar-overflow-hidden\"  style=\"padding-top: 0px; padding-bottom: 0px;  z-index: 100;\"><div class=\"row-bg-wrap\" data-bg-animation=\"fade-in\" data-bg-animation-delay=\"\" data-bg-overlay=\"true\"><div class=\"inner-wrap row-bg-layer using-image\" style=\"background-color: #FFFFFF;\" ><div class=\"row-bg viewport-desktop using-image using-bg-color\"  style=\"background-image: url(https:\/\/swissmailbox.com\/wp-content\/uploads\/2026\/02\/SMB-Man-Case-Study-2.jpg); background-position: center center; background-repeat: no-repeat; background-color: #FFFFFF; \"><\/div><\/div><div class=\"row-bg-overlay row-bg-layer\" style=\"background-color:#2E3243;  opacity: 0.8; \"><\/div><\/div><div class=\"row_col_wrap_12 col span_12 light left\">\n\t<div  class=\"vc_col-sm-12 wpb_column column_container vc_column_container col no-extra-padding column_position_static el_spacing_0px inherit_tablet inherit_phone\"  data-padding-pos=\"top-bottom\" data-has-bg-color=\"false\" data-bg-color=\"\" data-bg-opacity=\"1\" data-animation=\"\" data-delay=\"0\" >\n\t\t<div class=\"vc_column-inner\" >\n\t\t\t<div class=\"wpb_wrapper\">\n\t\t\t\t<div id=\"fws_69fcc5770edbe\" data-midnight=\"\" data-column-margin=\"none\" class=\"wpb_row vc_row-fluid vc_row inner_row  right_padding_20px left_padding_20px right_padding_phone_5px left_padding_phone_5px\"  style=\" z-index: 10;\"><div class=\"row-bg-wrap\"> <div class=\"row-bg\" ><\/div> <\/div><div class=\"row_col_wrap_12_inner col span_12  left\">\n\t<div  class=\"vc_col-sm-12 wpb_column column_container vc_column_container col child_column centered-text no-extra-padding force-desktop-text-align-center inherit_tablet inherit_phone\"   data-padding-pos=\"all\" data-has-bg-color=\"false\" data-bg-color=\"\" data-bg-opacity=\"1\" data-animation=\"\" data-delay=\"0\" >\n\t\t<div class=\"vc_column-inner\" >\n\t\t<div class=\"wpb_wrapper\">\n\t\t\t<div class=\"nectar-responsive-text font_size_phone_30px font_line_height_1-5 nectar-link-underline-effect\" style=\"color: #FFFFFF;\" data-inherit-heading-family=\"h1\"><h1 style=\"text-align: center\"><strong>Privacy Policy <\/strong><\/h1>\n<\/div>\n\t\t<\/div> \n\t<\/div>\n\t<\/div> \n<\/div><\/div>\n\t\t\t<\/div> \n\t\t<\/div>\n\t<\/div> \n<\/div><\/div>\n\t\t<div id=\"fws_69fcc5770fdcf\"  data-column-margin=\"default\" data-midnight=\"light\"  class=\"wpb_row vc_row-fluid vc_row full-width-content vc_row-o-equal-height vc_row-flex vc_row-o-content-top  zindex-set mobile-disable-bg-image-animation nectar-overflow-hidden\"  style=\"padding-top: 0px; padding-bottom: 0px;  z-index: 100;\"><div class=\"row-bg-wrap\" data-bg-animation=\"fade-in\" data-bg-animation-delay=\"\" data-bg-overlay=\"false\"><div class=\"inner-wrap row-bg-layer\" style=\"background-color: #FFFFFF;\" ><div class=\"row-bg viewport-desktop using-bg-color\"  style=\"background-color: #FFFFFF; \"><\/div><\/div><\/div><div class=\"row_col_wrap_12 col span_12 light left\">\n\t<div  class=\"vc_col-sm-12 wpb_column column_container vc_column_container col padding-1-percent column_position_static el_spacing_0px padding-5-percent_tablet padding-5-percent_phone\"  data-padding-pos=\"left-right\" data-has-bg-color=\"false\" data-bg-color=\"\" data-bg-opacity=\"1\" data-animation=\"\" data-delay=\"0\" >\n\t\t<div class=\"vc_column-inner\" >\n\t\t\t<div class=\"wpb_wrapper\">\n\t\t\t\t<div class=\"divider-wrap\" data-alignment=\"default\"><div style=\"height: 30px;\" class=\"divider\"><\/div><\/div>\n\t\t\t<\/div> \n\t\t<\/div>\n\t<\/div> \n<\/div><\/div>\n\t\t<div id=\"fws_69fcc57710d94\"  data-column-margin=\"default\" data-midnight=\"dark\"  class=\"wpb_row vc_row-fluid vc_row full-width-section\"  style=\"padding-top: 0px; padding-bottom: 0px; \"><div class=\"row-bg-wrap\" data-bg-animation=\"none\" data-bg-animation-delay=\"\" data-bg-overlay=\"false\"><div class=\"inner-wrap row-bg-layer\" ><div class=\"row-bg viewport-desktop\"  style=\"\"><\/div><\/div><\/div><div class=\"row_col_wrap_12 col span_12 dark left\">\n\t<div  class=\"vc_col-sm-12 wpb_column column_container vc_column_container col padding-2-percent inherit_tablet inherit_phone flex_gap_desktop_10px\"  data-padding-pos=\"all\" data-has-bg-color=\"false\" data-bg-color=\"\" data-bg-opacity=\"1\" data-animation=\"\" data-delay=\"0\" >\n\t\t<div class=\"vc_column-inner\" >\n\t\t\t<div class=\"wpb_wrapper\">\n\t\t\t\t<div class=\"nectar-responsive-text font_size_desktop_14px font_size_tablet_14px font_size_phone_14px nectar-link-underline-effect\" style=\"color: #4E6476;\"><p class=\"p1\"><strong>Data controller<\/strong><br \/>\nThe data controller is: SwissMailBox S\u00e0rl<br \/>\nAddress: Rue le Corbusier 12 \u2013 1208 Geneva<br \/>\nPhone: +41 78 440 7636<br \/>\nEmail: admin@swissmailbox.com<br \/>\nVAT: CHE-446.287.104<\/p>\n<p class=\"p1\"><strong>2. Personal data collected<\/strong><br \/>\nWe only collect the data necessary for our services, including:<br \/>\n\u2013 Identity (surname, first name)<br \/>\n\u2013 Contact Information (mailing address, email, phone)<br \/>\nAccount Information<br \/>\n\u2013 Shipping data (mail, parcels, declared contents)<\/p>\n<p class=\"p1\"><strong>3. Purposes of processing<\/strong><br \/>\nYour data is processed for:<br \/>\nProvide and manage our services (reception, scanning, storage, reshipment)<br \/>\n\u2013 Manage your user account<br \/>\nProcess payments<br \/>\n\u2013 Ensure security and prevent abuse<br \/>\n\u2013 Comply with our legal obligations<\/p>\n<p class=\"p1\"><strong>4. Legal bases<\/strong><br \/>\nTreatment is based on:<br \/>\n\u2013 Contract execution<br \/>\n\u2013 Compliance with legal obligations<br \/>\n\u2013 Our legitimate interest (security, service improvement)<br \/>\n\u2013 Your consent when required<\/p>\n<p class=\"p1\"><strong>5. Data Sharing<\/strong><br \/>\nYour data may be transferred to:<br \/>\n\u2013 Technical service providers (hosting, CRM, IT)<br \/>\nPayment providers<br \/>\nLogistics partners (carriers)<br \/>\n\u2013 Authorities, when the law requires<br \/>\nWe do not sell your personal data.<\/p>\n<p class=\"p1\"><strong>6. International Transfer<\/strong><br \/>\nData may be transferred outside of Switzerland or the EU. In such cases, we ensure an adequate level of protection (standard contractual clauses or equivalent).<\/p>\n<p class=\"p1\"><strong>7. Shelf life<\/strong><br \/>\nThe data is stored:<br \/>\nDuring the term of the contractual relationship<br \/>\n\u2013 Then according to legal obligations (accounting, etc.) or until a deletion request when applicable<\/p>\n<p class=\"p1\"><strong>8. Data Security<\/strong><br \/>\nWe are implementing appropriate technical and organizational measures to protect your data from unauthorized access, loss, or disclosure.<\/p>\n<p class=\"p1\"><strong>9. Cookies and similar technologies<\/strong><br \/>\nWe use cookies to:<br \/>\nEnsure the operation of the site.<br \/>\n\u2013 Analyze usage<br \/>\n\u2013 Improve the user experience<br \/>\nYou can configure your browser to reject cookies<\/p>\n<p class=\"p1\"><strong>10. Your Rights<\/strong><br \/>\nIn accordance with applicable law, you have the following rights:<br \/>\n\u2013 Right to access your data<br \/>\nRight to rectification<br \/>\nRight to erasure<br \/>\nRight to restriction of processing<br \/>\nRight to object<br \/>\n\u2013 Right to portability (if applicable)<br \/>\nTo exercise your rights, please send an email to the following address: admin@swissmailbox.com<\/p>\n<p class=\"p1\"><strong>11. Modifications<\/strong><br \/>\nWe may modify this policy at any time. The current version is the one published on our website.<\/p>\n<p class=\"p1\"><strong>12. Contact<\/strong><br \/>\nFor any questions related to this policy: admin@swissmailbox.com<\/p>\n<p class=\"p1\"><strong>Update: March 2026<\/strong><\/p>\n<\/div>\n\t\t\t<\/div> \n\t\t<\/div>\n\t<\/div> \n<\/div><\/div>\n\t\t<div id=\"fws_69fcc57712026\"  data-column-margin=\"default\" data-midnight=\"light\"  class=\"wpb_row vc_row-fluid vc_row full-width-content vc_row-o-equal-height vc_row-flex vc_row-o-content-top  zindex-set mobile-disable-bg-image-animation nectar-overflow-hidden\"  style=\"padding-top: 0px; padding-bottom: 0px;  z-index: 100;\"><div class=\"row-bg-wrap\" data-bg-animation=\"fade-in\" data-bg-animation-delay=\"\" data-bg-overlay=\"false\"><div class=\"inner-wrap row-bg-layer\" style=\"background-color: #FFFFFF;\" ><div class=\"row-bg viewport-desktop using-bg-color\"  style=\"background-color: #FFFFFF; \"><\/div><\/div><\/div><div class=\"row_col_wrap_12 col span_12 light left\">\n\t<div  class=\"vc_col-sm-12 wpb_column column_container vc_column_container col padding-1-percent column_position_static el_spacing_0px padding-5-percent_tablet padding-5-percent_phone\"  data-padding-pos=\"left-right\" data-has-bg-color=\"false\" data-bg-color=\"\" data-bg-opacity=\"1\" data-animation=\"\" data-delay=\"0\" >\n\t\t<div class=\"vc_column-inner\" >\n\t\t\t<div class=\"wpb_wrapper\">\n\t\t\t\t<div class=\"divider-wrap\" data-alignment=\"default\"><div style=\"height: 10px;\" class=\"divider\"><\/div><\/div>\n\t\t\t<\/div> \n\t\t<\/div>\n\t<\/div> \n<\/div><\/div>\n\t\t<div id=\"fws_69fcc577137e6\"  data-column-margin=\"default\" data-midnight=\"light\" data-top-percent=\"10%\" data-bottom-percent=\"10%\"  class=\"wpb_row vc_row-fluid vc_row full-width-section vc_row-o-equal-height vc_row-flex vc_row-o-content-middle parallax_section height_desktop_50px height_tablet_120px height_phone_120px\"  style=\"padding-top: calc(100vw * 0.10); padding-bottom: calc(100vw * 0.10); \"><div class=\"row-bg-wrap\" data-bg-animation=\"none\" data-bg-animation-delay=\"\" data-bg-overlay=\"true\"><div class=\"inner-wrap row-bg-layer using-image\" ><div class=\"row-bg viewport-desktop using-image using-bg-color\" data-parallax-speed=\"fast\" style=\"background-image: url(https:\/\/swissmailbox.com\/wp-content\/uploads\/2026\/02\/SMB-Delivery-1.jpg); background-position: left top; background-repeat: no-repeat; background-color: #FFFFFF; \"><\/div><\/div><div class=\"row-bg-overlay row-bg-layer\" style=\"background-color:#2E3243;  opacity: 0.8; \"><\/div><\/div><div class=\"row_col_wrap_12 col span_12 light left\">\n\t<div  class=\"vc_col-sm-8 wpb_column column_container vc_column_container col no-extra-padding inherit_tablet inherit_phone flex_gap_desktop_10px\"  data-padding-pos=\"all\" data-has-bg-color=\"false\" data-bg-color=\"\" data-bg-opacity=\"1\" data-animation=\"\" data-delay=\"0\" >\n\t\t<div class=\"vc_column-inner\" >\n\t\t\t<div class=\"wpb_wrapper\">\n\t\t\t\t<div class=\"nectar-split-heading\" data-align=\"default\" data-m-align=\"inherit\" data-text-effect=\"default\" data-animation-type=\"default\" data-animation-delay=\"0\" data-animation-offset=\"\" data-m-rm-animation=\"\" data-stagger=\"\" data-custom-font-size=\"false\" ><div class=\"heading-line\" > <div><h2><strong>SwissMailBox<\/strong><\/h2> <\/div> <\/div><div class=\"heading-line\" > <div><h2>Simple and smart solutions!<\/h2> <\/div> <\/div><\/div>\n\t\t\t<\/div> \n\t\t<\/div>\n\t<\/div> \n\n\t<div  class=\"vc_col-sm-4 wpb_column column_container vc_column_container col no-extra-padding inherit_tablet inherit_phone flex_gap_desktop_10px\"  data-padding-pos=\"all\" data-has-bg-color=\"false\" data-bg-color=\"\" data-bg-opacity=\"1\" data-animation=\"\" data-delay=\"0\" >\n\t\t<div class=\"vc_column-inner\" >\n\t\t\t<div class=\"wpb_wrapper\">\n\t\t\t\t\n\t\t\t<\/div> \n\t\t<\/div>\n\t<\/div> \n<\/div><\/div>","protected":false},"excerpt":{"rendered":"Politique de confidentialit\u00e9 1. Responsable du traitement Le responsable du traitement des donn\u00e9es est : SwissMailBox S\u00e0rl Adresse : Rue le Corbusier 12 - 1208 Gen\u00e8ve T\u00e9l\u00e9phone\u00a0: +41 78 440...","protected":false},"author":1,"featured_media":0,"parent":0,"menu_order":0,"comment_status":"closed","ping_status":"closed","template":"","meta":{"_monsterinsights_skip_tracking":false,"_monsterinsights_sitenote_active":false,"_monsterinsights_sitenote_note":"","_monsterinsights_sitenote_category":0,"_uf_show_specific_survey":0,"_uf_disable_surveys":false,"footnotes":""},"class_list":["post-3116","page","type-page","status-publish"],"_links":{"self":[{"href":"https:\/\/swissmailbox.com\/en\/wp-json\/wp\/v2\/pages\/3116","targetHints":{"allow":["GET"]}}],"collection":[{"href":"https:\/\/swissmailbox.com\/en\/wp-json\/wp\/v2\/pages"}],"about":[{"href":"https:\/\/swissmailbox.com\/en\/wp-json\/wp\/v2\/types\/page"}],"author":[{"embeddable":true,"href":"https:\/\/swissmailbox.com\/en\/wp-json\/wp\/v2\/users\/1"}],"replies":[{"embeddable":true,"href":"https:\/\/swissmailbox.com\/en\/wp-json\/wp\/v2\/comments?post=3116"}],"version-history":[{"count":18,"href":"https:\/\/swissmailbox.com\/en\/wp-json\/wp\/v2\/pages\/3116\/revisions"}],"predecessor-version":[{"id":3227,"href":"https:\/\/swissmailbox.com\/en\/wp-json\/wp\/v2\/pages\/3116\/revisions\/3227"}],"wp:attachment":[{"href":"https:\/\/swissmailbox.com\/en\/wp-json\/wp\/v2\/media?parent=3116"}],"curies":[{"name":"wp","href":"https:\/\/api.w.org\/{rel}","templated":true}]}}